{"id":163,"date":"2023-11-10T18:15:46","date_gmt":"2023-11-10T18:15:46","guid":{"rendered":"https:\/\/guruwines.com.ar\/?page_id=163"},"modified":"2023-11-10T18:32:27","modified_gmt":"2023-11-10T18:32:27","slug":"terminos-y-condiciones","status":"publish","type":"page","link":"https:\/\/guruwines.com.ar\/index.php\/terminos-y-condiciones\/","title":{"rendered":"T\u00e9rminos y condiciones"},"content":{"rendered":"\n<h1 style=\"text-align: center;\"><span style=\"color: #ad6622;\">T\u00c9RMINOS Y CONDICIONES DE USO DEL SITIO<\/span><\/h1>\n<p style=\"text-align: center;\">www.guruwines.com.ar<\/p>\n<p style=\"text-align: center;\">Este documento establece los t\u00e9rminos y condiciones generales (los \u201cT\u00e9rminos y Condiciones\u201d) aplicables al acceso al Sitio y uso de los servicios ofrecidos en el sitio www.guruwines.com.ar.El solo hecho de ingresar al Sitio, los T\u00e9rminos y Condiciones aqu\u00ed dispuestos quedar\u00e1n autom\u00e1ticamente aceptados por Usted (indistintamente \u201cUsted\u201d o el \u201cUsuario\u201c). Si Usted no est\u00e1 de acuerdo con los presentes T\u00e9rminos y Condiciones, los cuales poseen car\u00e1cter obligatorio y vinculante, deber\u00e1 abstenerse de acceder al Sitio y utilizar sus servicios. El Sitio pertenece a ANGEL NEGRO SRL, en adelante \u201cANGEL NEGRO\u201d).<\/p>\n<p style=\"text-align: center;\">ANGEL NEGRO se reserva el derecho de modificar los servicios objeto del Sitio, estos T\u00e9rminos y Condiciones como as\u00ed tambi\u00e9n las normas que los complementa, en cualquier momento y cuantas veces lo crea conveniente, y resultar\u00e1n en forma autom\u00e1tica obligatorios y vinculantes para todos aquellos que accedan al Sitio.<br \/>En virtud de ello el Usuario deber\u00e1 revisar estos Terminos y condiciones cada vez que ingrese al Sitio ya que cualquier modificaci\u00f3n se considerar\u00e1 notificada a los Usuarios y aceptadas por ellos por el s\u00f3lo hecho de publicarse en el Sitio www.guruwines.com.ar, siendo exclusiva responsabilidad de los usuarios consultar y\/o informarse de los nuevos T\u00e9rminos y Condiciones.<\/p>\n<p style=\"text-align: center;\">1.- ACEPTACION DE ESTOS TERMINOS Y CONDICIONES.<\/p>\n<p style=\"text-align: center;\">El s\u00f3lo uso del Sitio implica la aceptaci\u00f3n irrevocable e incondicional por parte del Usuario de los Terminos y Condiciones de uso.<\/p>\n<p style=\"text-align: center;\">2.- MAYOR\u00cdA DE EDAD: ACCESO AL SITIO Y USO DEL MISMO \u2013 COMPRA.<\/p>\n<p style=\"text-align: center;\">Usted deber\u00e1 tener 18 a\u00f1os de edad o m\u00e1s para acceder al Sitio. Mediante el uso del Sitio el Usuario declara bajo juramento tener 18 a\u00f1os o m\u00e1s. Si Usted es menor de 18 a\u00f1os debe abstenerse de utilizar el Sitio.<br \/>Tanto el Sitio como los servicios provistos por el, se encuentran disponibles para aquellas personas que tengan capacidad legal para contratar bajo las leyes de la Rep\u00fablica Argentina. No podr\u00e1n hacer uso del Sitio las personas que no cumplan con dicha capacidad, los menores de edad, usuarios y\/o quienes hayan sido suspendidos o dados de baja del Sito por haber incumplido los T\u00e9rminos y Condiciones o por haber incurrido a criterio de ANGEL NEGRO en conductas o actos dolosos o fraudulentos mediante el uso del Sitio o de los servicios prestados por el mismo.<br \/>Si se registra como Usuario una persona jur\u00eddica, debe tener capacidad para contratar a nombre de tal entidad y de obligar a la misma en los t\u00e9rminos de estos T\u00e9rminos y Condiciones.<br \/>Al operar con el Sitio usted deber\u00e1 brindar informaci\u00f3n veraz, completa y precisa. Usted ser\u00e1 el \u00fanico responsable por la informaci\u00f3n proporcionada. Usted se responsabiliza por los da\u00f1os y perjuicios que pudiera causar la inclusi\u00f3n de cualquier informaci\u00f3n incorrecta, incompleta o imprecisa que consigne al registrarse, incluyendo cualquier gasto en que pudiera incurrir el Sitio como consecuencia de ello.<br \/>El Sitio se encuentra dise\u00f1ado para que cualquier consumidor pueda realizar a trav\u00e9s del mismo, compras de los productos que en el mismo se ofertan sujeto al stock disponible al momento de realizarse la compra.<br \/>Usted como usuario declara conocer y aceptar que al momento de confirmar la operaci\u00f3n que realice en el Sitio la misma constituir\u00e1 una operaci\u00f3n de compra-venta a la que se le aplicar\u00e1n todas las normas legales vigentes en la materia.<\/p>\n<p style=\"text-align: center;\">3.- PRECIOS DE LOS PRODUCTOS.<\/p>\n<p style=\"text-align: center;\">Usted reconoce y acepta que la informaci\u00f3n sobre los productos y sus precios est\u00e1 sujeta a cambios sin previo aviso.<br \/>Todos los precios publicados en el sitio tienen el IVA incluido, salvo que se indicara lo contrario.<br \/>Todos los precios publicados en el Sitio est\u00e1n expresados en pesos argentinos, salvo que expresamente se indique lo contrario.<\/p>\n<p style=\"text-align: center;\">4.- PROMOCIONES.<\/p>\n<p style=\"text-align: center;\">Usted como usuario reconoce que las promociones que se publiciten en el Sitio son exclusivas para las operaciones realizadas por medio del Sitio www.guruwines.com.ar ; no se encuentran vigentes para otros canales de venta salvo que expresamente se establezcan otros canales de venta habilitados a tales fines.<\/p>\n<p style=\"text-align: center;\">Las promociones no son acumulativas ni combinables con otras promociones. En el supuesto de existir excepciones, ello surgir\u00e1 expresamente y de manera clara del mismo Sitio.<\/p>\n<p style=\"text-align: center;\">5.- STOCK \u2013 DISPONIBILIDAD DE PRODUCTOS.<\/p>\n<p style=\"text-align: center;\">Usted declara conocer que al momento de concretar la operaci\u00f3n el producto que desea adquirir puede llegar a no estar disponible debido al dinamismo que posee el Sitio.<br \/>Por tanto Usted declara conocer que una compra podr\u00e1 no ser concretada en funci\u00f3n del stock de los productos disponibles y\/o por no haber sido aprobada la operaci\u00f3n por la entidad emisora de la tarjeta de cr\u00e9dito con la que Usted opere y\/o por no aprobaci\u00f3n de la empresa contratada al efecto evaluando el riesgo crediticio que usted posee, etc. resultando las enumeraciones anteriores meramente ejemplificativas.<br \/>Usted declara conocer y aceptar que el Sitio podr\u00e1 solicitarle datos adicionales a fin de poder concertar la operaci\u00f3n.<br \/>Las fotos de los productos son meramente ilustrativas, no contractuales. Los precios, condiciones comerciales, caracter\u00edsticas, ofertas, disponibilidad y toda otra cuesti\u00f3n relativa los productos publicados los podr\u00e1 modificar ANGEL NEGRO sin previo aviso.<\/p>\n<p style=\"text-align: center;\">6.- ENTREGAS. <br \/>Usted acepta y conoce que el tiempo de entrega comenzar\u00e1 a correr desde el momento en que su pago sea aprobado. ANGEL NEGRO no se responsabiliza por ning\u00fan tipo de atraso que tuviera origen en la aprobaci\u00f3n de su pago ni en ninguna otra causa ajena a la misma.<br \/>Las entregas se realizan s\u00f3lo durante d\u00edas h\u00e1biles de 8 a 18 hs. entendi\u00e9ndose por \u00e9stos lunes a viernes con excepci\u00f3n de los que resulten festivos o feriados.<br \/>Los gastos de env\u00edo son siempre a cuenta del cliente\/usuario. Salvo que se especifique lo contrario.<\/p>\n<p style=\"text-align: center;\">7.- MEDIOS DE PAGO QUE SE PODR\u00c1N UTILIZAR EN EL SITIO.<\/p>\n<p style=\"text-align: center;\">Los productos que se ofertan en este Sitio, salvo que se indique una forma distinta en casos particulares, s\u00f3lo pueden ser pagados en Efectivo, con tarjetas de cr\u00e9dito, con tarjetas de d\u00e9bito, transferencia, deposito en la cuenta que ANGEL NEGRO especifique al momento de la compra o a trav\u00e9s de Mercado Pago.<\/p>\n<p style=\"text-align: center;\">ANGEL NEGRO no tiene responsabilidad respecto a los contratos de tarjeta de cr\u00e9dito habidos entre los Usuarios y las mismas. Trat\u00e1ndose de las tarjetas bancarias aceptadas en este Sitio, los aspectos relativos a \u00e9stas, tales como fecha de emisi\u00f3n, caducidad, cupo, bloqueo, etc., se regir\u00e1n por el respectivo Contrato de Apertura y Reglamento de Uso ajeno a ANGEL NEGRO. El pago deber\u00e1 efectuarse al momento de concretar la compra a trav\u00e9s del Sitio siempre antes de la entrega del producto.<\/p>\n<p style=\"text-align: center;\">8.- DEVOLUCIONES.<\/p>\n<p style=\"text-align: center;\">En las operaciones realizadas por medio de este Sitio, el Usuario podr\u00e1 a trav\u00e9s del BOTON DE ARREPENTIMNIENTO revocar la compra realizada dentro de los 10 d\u00edas corridos de celebrada la transacci\u00f3n debiendo restituir el producto adquirido en perfecto estado de uso y conservaci\u00f3n, junto con sus etiquetas, embalaje y accesorios originales, tambi\u00e9n en perfecto estado. Una vez recibido el producto en el domicilio de ANGEL NEGRO y examinado el mismo de reunir todas dichas condiciones, se proceder\u00e1 a la restituci\u00f3n de la cantidad abonada en concepto de precio, por el mismo medio en que fue abonado el producto. Para tramitar la devoluci\u00f3n, es necesario ingresar al BOTON DE ARREPENTIMIENTO y completar en el formulario el numero de pedido y el nombre de la persona que realizo la compra y el formulario enviado ser\u00e1 respondido dentro de las 24 horas, proporcionando las instrucciones necesarias para realizar la devoluci\u00f3n.<\/p>\n<p style=\"text-align: center;\">9.- ENLACES.<\/p>\n<p style=\"text-align: center;\">Pueden existir en el Sitio enlaces que le permitan a Usted acceder a sitios de Internet de terceros. Dado el caso, Usted declara conocer y aceptar que dichos terceros no guardan ninguna vinculaci\u00f3n con el Sitio ni con ANGEL NEGRO. Usted declara conocer que el acceso a sitios de Internet terceros implicar\u00e1 someterse a los t\u00e9rminos y condiciones de los mismos pudiendo ser diferentes de los presentes.<\/p>\n<p style=\"text-align: center;\">\u00a0<\/p>\n<p style=\"text-align: center;\">10.- COOKIES.<\/p>\n<p style=\"text-align: center;\">Usted reconoce y acepta que ANGEL NEGRO puede utilizar \u201cCookies\u201d, peque\u00f1os archivos de instalaci\u00f3n en el disco r\u00edgido de duraci\u00f3n limitada en el tiempo que ayudan a personalizar servicios.<\/p>\n<p style=\"text-align: center;\">11.- PROTECCI\u00d3N DE DATOS PERSONALES.<\/p>\n<p style=\"text-align: center;\">ANGEL NEGRO ha implementado las medidas de seguridad a fin de proceder a la Protecci\u00f3n de Datos Personales de todos los Usuarios. La informaci\u00f3n recibida es tratada por ANGEL NEGRO conforme los t\u00e9rminos previstos en la Ley Nacional de Protecci\u00f3n de Datos Personales N\u00ba 25.326 y de conformidad a lo previsto en las POL\u00cdTICAS DE PRIVACIDAD del Sitio.<br \/>Usted acepta y reconoce que las medidas de seguridad en Internet no son inviolables.<br \/>Toda denuncia y\/o reclamo deber\u00e1 dirigirse al \u00f3rgano de control de la Ley 25.326, Direcci\u00f3n Nacional de Protecci\u00f3n de Datos Personales.<br \/>Al acceder al Sitio, Usted acepta y declara conocer las POL\u00cdTICAS DE PRIVACIDAD del Sitio.<\/p>\n<p style=\"text-align: center;\">12.- RESPONSABILIDAD.<\/p>\n<p style=\"text-align: center;\">Usted asume total responsabilidad frente a ANGEL NEGRO y a terceros por los da\u00f1os y\/o perjuicios de toda clase que se generen como consecuencia del uso del Servicio, debiendo indemnizar y mantener indemne a ANGEL NEGRO y a terceros ante cualquier reclamo (incluyendo honorarios profesionales) que pudiera corresponder en los supuestos indicados.<br \/>Al utilizar el Sitio, Usted acepta expresamente que el uso del mismo es bajo su propio riesgo. ANGEL NEGRO no garantiza que el Sitio y los servicios del mismo se brinden sin interrupciones ni que estar\u00e1 libre de errores.<\/p>\n<p style=\"text-align: center;\">13.- PROPIEDAD INTELECTUAL.<\/p>\n<p style=\"text-align: center;\">Las marcas, nombres comerciales, im\u00e1genes, fotograf\u00edas, videos, dibujos, dise\u00f1os, logos, textos etc. que aparecen publicados en el Sitio, como as\u00ed tambi\u00e9n los programas, softwares, base de datos, archivos, etc. son de propiedad exclusiva de ANGEL NEGRO o de terceros que ha autorizado a ANGEL NEGRO a utilizar y\/o publicar los mismos. Queda expresamente prohibido cualquier uso, explotaci\u00f3n, distribuci\u00f3n, publicaci\u00f3n, transmisi\u00f3n y\/o copia sin la previa y expresa autorizaci\u00f3n por escrito de ANGEL NEGRO y\/o de sus respectivos propietarios.<\/p>\n<p style=\"text-align: center;\">14.- ARBITRAJE, LEY APLICABLE Y JURISDICCI\u00d3N.<\/p>\n<p style=\"text-align: center;\">Los presentes T\u00e9rminos y Condiciones ser\u00e1n interpretados y hechos valer de acuerdo con las leyes de la Rep\u00fablica Argentina, sin tomar en cuenta sus normas sobre conflictos de leyes. Respecto de la ejecuci\u00f3n del laudo arbitral, los Usuarios y ANGEL NEGRO se someter\u00e1n a la jurisdicci\u00f3n de los Tribunales Nacionales Ordinarios en lo Comercial con asiento en la Provincia de Buenos Aires, renunciando irrevocablemente a ejecutar cualquier objeci\u00f3n basada en la jurisdicci\u00f3n o contender esta bajo cualquier argumento por raz\u00f3n de sus domicilios presentes, futuros o por cualquier otra causa.<br \/>La utilizaci\u00f3n del Servicio est\u00e1 expresamente prohibida en toda jurisdicci\u00f3n en donde no puedan ser aplicadas las condiciones establecidas en los presentes T\u00e9rminos y Condiciones.<br \/>Las personas que acceden al Sitio desde otra jurisdicci\u00f3n lo hacen por su propia voluntad y asumen la responsabilidad de respetar la legislaci\u00f3n local.<br \/>Si los Usuarios utilizan cualquiera de los servicios ofrecidos por ANGEL NEGRO a trav\u00e9s del Sitio, significa que han le\u00eddo, entendido, acordado y aceptado las normas antes expuestas. Si no est\u00e1n de acuerdo con ellas, tienen la opci\u00f3n de no utilizar el Servicio.<\/p>\n<p style=\"text-align: center;\">15.- FALLAS DEL SISTEMA.<\/p>\n<p style=\"text-align: center;\">ANGEL NEGRO no puede garantizar la inexistencia de posibles fallas t\u00e9cnicas en el sistema que opera el Sitio, sus servidores o en Internet.<\/p>\n<p style=\"text-align: center;\">16.- DOMICILIO.<\/p>\n<p style=\"text-align: center;\">Toda notificaci\u00f3n u otra comunicaci\u00f3n que deba efectuarse bajo estos T\u00e9rminos y Condiciones, deber\u00e1 realizarse por escrito. Al Usuario: a la cuenta de correo electr\u00f3nico ventas@guruwines.com.ar \u00f3 a Av. San Isidro 4329 CABA \u2013 Buenos Aires<\/p>\n<p style=\"text-align: center;\">\u00a0<\/p>\n<p style=\"text-align: center;\">PROHIBIDA LA VENTA DE BEBIDAS ALCOH\u00d3LICAS A MENORES DE 18 A\u00d1OS. BEBER CON MODERACI\u00d3N.<\/p>\n\n","protected":false},"excerpt":{"rendered":"","protected":false},"author":1,"featured_media":0,"parent":0,"menu_order":0,"comment_status":"closed","ping_status":"closed","template":"","meta":{"_seopress_robots_primary_cat":"","_seopress_titles_title":"","_seopress_titles_desc":"","_seopress_robots_index":"","_joinchat":[],"footnotes":""},"class_list":["post-163","page","type-page","status-publish","hentry"],"_links":{"self":[{"href":"https:\/\/guruwines.com.ar\/index.php\/wp-json\/wp\/v2\/pages\/163","targetHints":{"allow":["GET"]}}],"collection":[{"href":"https:\/\/guruwines.com.ar\/index.php\/wp-json\/wp\/v2\/pages"}],"about":[{"href":"https:\/\/guruwines.com.ar\/index.php\/wp-json\/wp\/v2\/types\/page"}],"author":[{"embeddable":true,"href":"https:\/\/guruwines.com.ar\/index.php\/wp-json\/wp\/v2\/users\/1"}],"replies":[{"embeddable":true,"href":"https:\/\/guruwines.com.ar\/index.php\/wp-json\/wp\/v2\/comments?post=163"}],"version-history":[{"count":3,"href":"https:\/\/guruwines.com.ar\/index.php\/wp-json\/wp\/v2\/pages\/163\/revisions"}],"predecessor-version":[{"id":167,"href":"https:\/\/guruwines.com.ar\/index.php\/wp-json\/wp\/v2\/pages\/163\/revisions\/167"}],"wp:attachment":[{"href":"https:\/\/guruwines.com.ar\/index.php\/wp-json\/wp\/v2\/media?parent=163"}],"curies":[{"name":"wp","href":"https:\/\/api.w.org\/{rel}","templated":true}]}}