{"id":295,"date":"2023-11-14T01:11:15","date_gmt":"2023-11-14T01:11:15","guid":{"rendered":"https:\/\/guruwines.com.ar\/?page_id=295"},"modified":"2023-11-14T01:28:59","modified_gmt":"2023-11-14T01:28:59","slug":"catas","status":"publish","type":"page","link":"https:\/\/guruwines.com.ar\/index.php\/catas\/","title":{"rendered":"Catas"},"content":{"rendered":"\n<h1 style=\"text-align: center;\"><span style=\"color: #c77334;\">CATAS PROGRAMADAS<\/span><\/h1>\n<p>En esta secci\u00f3n, te extendemos una cordial invitaci\u00f3n a sumergirte en experiencias sensoriales \u00fanicas, cuidadosamente dise\u00f1adas para despertar tus sentidos y enriquecer tu aprecio por el mundo del vino.<\/p>\n<p>Descubre el arte de degustar con nosotros. Desde \u00edntimas sesiones que desvelan los secretos detr\u00e1s de nuestros exquisitos vinos hasta momentos especiales que celebran la diversidad de nuestras cosechas, cada ocasi\u00f3n representa una oportunidad para explorar la riqueza de nuestros sabores.<\/p>\n<p>Consulta nuestra programaci\u00f3n a continuaci\u00f3n y \u00fanete a nosotros en este emocionante viaje vin\u00edcola. Cada cata es una nueva aventura, y estamos emocionados de compartirla contigo.<\/p>\n\n  \n    <div class=\"row large-columns-2 medium-columns-1 small-columns-1 has-shadow row-box-shadow-2 slider row-slider slider-nav-simple slider-nav-outside\"  data-flickity-options='{&quot;imagesLoaded&quot;: true, &quot;groupCells&quot;: &quot;100%&quot;, &quot;dragThreshold&quot; : 5, &quot;cellAlign&quot;: &quot;left&quot;,&quot;wrapAround&quot;: true,&quot;prevNextButtons&quot;: true,&quot;percentPosition&quot;: true,&quot;pageDots&quot;: false, &quot;rightToLeft&quot;: false, &quot;autoPlay&quot; : false}' >\n\n  <\/div>\n\n\n","protected":false},"excerpt":{"rendered":"","protected":false},"author":1,"featured_media":0,"parent":0,"menu_order":0,"comment_status":"closed","ping_status":"closed","template":"","meta":{"_seopress_robots_primary_cat":"","_seopress_titles_title":"","_seopress_titles_desc":"","_seopress_robots_index":"","_joinchat":[],"footnotes":""},"class_list":["post-295","page","type-page","status-publish","hentry"],"_links":{"self":[{"href":"https:\/\/guruwines.com.ar\/index.php\/wp-json\/wp\/v2\/pages\/295","targetHints":{"allow":["GET"]}}],"collection":[{"href":"https:\/\/guruwines.com.ar\/index.php\/wp-json\/wp\/v2\/pages"}],"about":[{"href":"https:\/\/guruwines.com.ar\/index.php\/wp-json\/wp\/v2\/types\/page"}],"author":[{"embeddable":true,"href":"https:\/\/guruwines.com.ar\/index.php\/wp-json\/wp\/v2\/users\/1"}],"replies":[{"embeddable":true,"href":"https:\/\/guruwines.com.ar\/index.php\/wp-json\/wp\/v2\/comments?post=295"}],"version-history":[{"count":3,"href":"https:\/\/guruwines.com.ar\/index.php\/wp-json\/wp\/v2\/pages\/295\/revisions"}],"predecessor-version":[{"id":299,"href":"https:\/\/guruwines.com.ar\/index.php\/wp-json\/wp\/v2\/pages\/295\/revisions\/299"}],"wp:attachment":[{"href":"https:\/\/guruwines.com.ar\/index.php\/wp-json\/wp\/v2\/media?parent=295"}],"curies":[{"name":"wp","href":"https:\/\/api.w.org\/{rel}","templated":true}]}}