{"id":3,"date":"2023-11-09T23:17:06","date_gmt":"2023-11-09T23:17:06","guid":{"rendered":"https:\/\/guruwines.com.ar\/?page_id=3"},"modified":"2023-11-10T21:59:21","modified_gmt":"2023-11-10T21:59:21","slug":"politica_de_privacidad","status":"publish","type":"page","link":"https:\/\/guruwines.com.ar\/index.php\/politica_de_privacidad\/","title":{"rendered":"Politica de privacidad"},"content":{"rendered":"\n<h1 style=\"text-align: center;\"><span style=\"color: #ad3c00;\">Pol\u00edtica de Privacidad<\/span><\/h1>\n<p style=\"text-align: center;\">Angel Negro SRL. (En adelante la \u201cCompa\u00f1\u00eda\u201d) ha redactado esta pol\u00edtica de privacidad para www.guruwines.com.ar (en adelante el \u201cSitio\u201d). La Compa\u00f1\u00eda est\u00e1 comprometida a proteger la privacidad de los datos personales de los usuarios del Sitio. En esta Pol\u00edtica de Privacidad se describe la informaci\u00f3n que la Compa\u00f1\u00eda recoge sobre los Usuarios y visitantes del Sitio (en adelante conjuntamente los \u201cUsuarios\u201d e individualmente cualquiera de ellos, el \u201cUsuario\u201d) y como puede ser utilizada dicha informaci\u00f3n. El acceso o utilizaci\u00f3n de cualquiera de los Sitios implica conformidad de los Usuarios con los T\u00e9rminos y Condiciones de los Sitios y con estas Pol\u00edticas de Privacidad. Si no est\u00e1 de acuerdo con estas Pol\u00edticas de Privacidad, por favor no acceda a los Sitios.<\/p>\n<p style=\"text-align: center;\">Nuestras Pol\u00edticas de Privacidad aseguran que cualquier informaci\u00f3n que Ud. ingrese en los Sitios, ser\u00e1 privada y segura y se regir\u00e1 conforme las mismas. La Compa\u00f1\u00eda reconoce y respeta su derecho a la protecci\u00f3n de sus datos personales, los cuales se encuentran amparados por la Ley de Protecci\u00f3n de Datos Personales (Ley 25.326) y por su decreto reglamentario, as\u00ed como tambi\u00e9n por las diversas disposiciones de la Direcci\u00f3n Nacional de Protecci\u00f3n de Datos Personales. Para dar fe de esto, en este documento proveemos los detalles de qu\u00e9 informaci\u00f3n recabamos y de qu\u00e9 manera la utilizamos. Nunca recolectaremos informaci\u00f3n sin su consentimiento expl\u00edcito.<\/p>\n<p style=\"text-align: center;\">CONSENTIMIENTO<br \/>Al usar el Sitio, el Usuario autoriza expresamente a la Compa\u00f1ia a recopilar, usar, tratar, administrar, divulgar, etc. su informaci\u00f3n personal de acuerdo con la siguiente Pol\u00edtica de Privacidad. Si el Usuario no est\u00e1 de acuerdo con esta Pol\u00edtica de Privacidad, debe abstenerse de utilizar el Sitio.<\/p>\n<p style=\"text-align: center;\">\u00a0<\/p>\n<p style=\"text-align: center;\">USO DE LOS SITIOS POR MENORES DE EDAD<br \/>Nuestros servicios s\u00f3lo est\u00e1n disponibles para aquellas personas que tengan capacidad legal para contratar. Por lo tanto, aquellos que no cumplan con esta condici\u00f3n deber\u00e1n abstenerse de suministrar informaci\u00f3n personal para ser incluida en nuestras bases de datos.<\/p>\n<p style=\"text-align: center;\">CONFIDENCIALIDAD Y USO DE LA INFORMACI\u00d3N <br \/>Los datos de los Usuarios ser\u00e1n utilizados \u00fanicamente por la Compa\u00f1\u00eda en las formas establecidas en estas Pol\u00edticas de Privacidad. La Compa\u00f1\u00eda har\u00e1 todo lo que est\u00e9 a su alcance para proteger la privacidad de la informaci\u00f3n brindada en los Sitios. Los datos de los Usuarios son utilizados por la Compa\u00f1\u00eda: para prestarle los servicios ofrecidos en el Sitio cuando as\u00ed lo hubiera el usuario requerido, y\/o para contactarlos en relaci\u00f3n a compras realizadas por los Usuarios a la Compa\u00f1\u00eda de productos ofrecidos por la misma en los Sitios; a tal fin la informaci\u00f3n ser\u00e1 utilizada para procesar, validar y verificar las suscripciones y\/o compras realizadas por los Usuarios y cumplir con los servicios y\/o la entrega de los productos adquiridos por el Usuario; para administrar y gestionar su registro y responder a cualesquiera consultas que el Usuario haga; para operar y mejorar los Sitios; para informarle a los Usuarios de otros productos, bienes o servicios disponibles en cualquiera de los Sitios o para ponerse en contacto con los Usuarios con el fin de recabar su opini\u00f3n sobre productos y servicios actuales o nuevos productos y servicios potenciales que le puedan ser ofrecidos; para hacerle llegar publicidad o promociones, banners, de inter\u00e9s para los Usuarios y desarrollar estudios internos sobre los intereses para comprender mejor sus necesidades e intereses y ofrecer mejores servicios o proveerles informaci\u00f3n relacionada.<\/p>\n<p style=\"text-align: center;\">\u00a0<\/p>\n<p style=\"text-align: center;\">En caso de que la Compa\u00f1\u00eda decida revelar o compartir informaci\u00f3n personal de los Usuarios a otros terceros que no sean sus empresas controlantes, controladas y vinculadas, proceder\u00e1 previamente a requerir a los usuarios su expreso consentimiento a tal fin.<br \/>Asimismo, puede suceder que en virtud de \u00f3rdenes judiciales, solicitud de organismos gubernamentales competentes, o de regulaciones legales, la Compa\u00f1\u00eda se vea compelida a revelar informaci\u00f3n a las autoridades o terceras partes bajo ciertas circunstancias, o bien en casos que terceras partes puedan interceptar o acceder a cierta informaci\u00f3n o transmisiones de datos, en cuyo caso la Compa\u00f1\u00eda no responder\u00e1 por la informaci\u00f3n que sea revelada.<br \/>Los Usuarios podr\u00e1n solicitar a la Compa\u00f1\u00eda en cualquier momento, dejar de recibir o no recibir informaci\u00f3n sobre productos y servicios que no resultaran de su inter\u00e9s o por cualquier motivo que los mismos consideren, ello de conformidad a lo dispuesto por el Art\u00edculo 16 de la Ley 25.326.<\/p>\n<p style=\"text-align: center;\">RECOPILACI\u00d3N DE INFORMACI\u00d3N<br \/>La Compa\u00f1\u00eda recaba informaci\u00f3n de identificaci\u00f3n personal (IIP) de los Usuarios que es cedida voluntariamente durante el proceso de registraci\u00f3n o en respuesta a requerimientos expl\u00edcitos presentados por la Compa\u00f1\u00eda.<br \/>Tambi\u00e9n podr\u00e1 la Compa\u00f1\u00eda recabar la direcci\u00f3n de IP (Internet Protocol) de los Usuarios para ayudar a diagnosticar problemas con su servidor, y para administrar los Sitios. Una direcci\u00f3n de IP es un n\u00famero que se le asigna a su computadora cuando usa internet. Su direcci\u00f3n de IP tambi\u00e9n es utilizada para ayudar a identificarle dentro de una sesi\u00f3n particular y para recolectar informaci\u00f3n demogr\u00e1fica general.<br \/>La Compa\u00f1\u00eda podr\u00e1 solicitarte su e-mail durante la utilizaci\u00f3n de los Sitios. Para efectuar compras en los Sitios se recopilar\u00e1 informaci\u00f3n personal del Usuario para que se identifique, por ejemplo: Nombre y apellido, direcci\u00f3n, direcci\u00f3n de e-mail, n\u00famero telef\u00f3nico y detalles sobre el m\u00e9todo de pago. La Compa\u00f1\u00eda no almacena los datos de las tarjetas de cr\u00e9dito y\/o d\u00e9bito con las que se efect\u00faan los pagos dentro de los Sitios. En ning\u00fan momento su informaci\u00f3n de tarjeta de cr\u00e9dito y\/o d\u00e9bito es almacenada en los servidores de la Compa\u00f1\u00eda. Esta informaci\u00f3n se transmite por SSL directamente a una pasarela electr\u00f3nica de seguridad y es almacenada en los servidores de nuestros proveedores de pago.<br \/>Se establece que en cualquier momento los Usuarios de los Sitios podr\u00e1n solicitar la baja de su solicitud y la eliminaci\u00f3n de su cuenta e informaci\u00f3n de la base de datos de la Compa\u00f1\u00eda.<\/p>\n<p style=\"text-align: center;\">INFORMACI\u00d3N PERSONAL DE IDENTIFICACI\u00d3N INEXACTA<br \/>En caso que el Usuario proporcione datos inexactos y\/o ambiguos, no podr\u00e1 recibir respuesta a su solicitud, consulta o queja, ni podr\u00e1 recibir informaci\u00f3n por parte de la Compa\u00f1\u00eda. La Compa\u00f1\u00eda no se responsabiliza por las consecuencias que deriven de la inexactitud de los datos proporcionados por los Usuarios de los Sitios. Ser\u00e1 exclusiva responsabilidad del Usuario la veracidad de los datos personales insertos en los Sitios web.<\/p>\n<p style=\"text-align: center;\">SEGURIDAD. ALMACENAMIENTO DE LA INFORMACI\u00d3N<br \/>La Compa\u00f1\u00eda est\u00e1 obligada a cumplir con toda la normativa aplicable en materia de medidas de seguridad aplicables a la Informaci\u00f3n Personal. Adicionalmente, la Compa\u00f1\u00eda usa los est\u00e1ndares de la industria en materia de protecci\u00f3n de la confidencialidad de su Informaci\u00f3n Personal.<br \/>La Compa\u00f1\u00eda considera a los datos de sus Usuarios como un activo que debe ser protegido de cualquier p\u00e9rdida o acceso no autorizado. La Compa\u00f1\u00eda emplea diversas t\u00e9cnicas de seguridad para proteger tales datos de accesos no autorizados por Usuarios de dentro o fuera de nuestra compa\u00f1\u00eda. Sin embargo, el Usuario debe tener en cuenta que cualquier informaci\u00f3n que publique, una vez enviada, se vuelve del dominio p\u00fablico, y, por lo tanto, debe extremar las precauciones si decide revelar informaci\u00f3n personal, econ\u00f3mica o de otro tipo en sus env\u00edos. Por ello, la Compa\u00f1\u00eda no se hace responsable por interceptaciones ilegales o violaci\u00f3n de sus sistemas o bases de datos por parte de personas no autorizadas. La Compa\u00f1\u00eda, tampoco se hace responsable por la indebida utilizaci\u00f3n de la informaci\u00f3n obtenida por esos medios.<\/p>\n<p style=\"text-align: center;\">ORDEN DE AUTORIDADES COMPETENTES \u2013 REQUERIMIENTOS LEGALES<br \/>Las presentes Pol\u00edticas de Privacidad est\u00e1n sujetas a las leyes de la Rep\u00fablica Argentina, excluyendo cualquier otra norma o jurisdicci\u00f3n aplicable. La Compa\u00f1\u00eda cooperar\u00e1 con las autoridades competentes y con terceros para garantizar el cumplimiento de las leyes, por ejemplo en materia de protecci\u00f3n de derechos de propiedad industrial e intelectual, prevenci\u00f3n del fraude y otras materias.<\/p>\n<p style=\"text-align: center;\">La Compa\u00f1\u00eda podr\u00e1 revelar la informaci\u00f3n personal suministrada por el Usuario cuando as\u00ed lo exijan las autoridades judiciales o gubernamentales competentes a efectos de colaborar con investigaciones conducidas por ellas, aunque no exista una orden ni una citaci\u00f3n ejecutiva o judicial, o por ejemplo (y sin limitaci\u00f3n a este supuesto) cuando se trate de investigaciones de car\u00e1cter penal o de fraude o las relacionadas con pirater\u00eda inform\u00e1tica o la violaci\u00f3n de derechos de autor. En tales situaciones, la Compa\u00f1\u00eda colaborar\u00e1 con las autoridades competentes con el fin de salvaguardar la integridad y la seguridad de la Comunidad y la de sus Usuarios.<\/p>\n<p style=\"text-align: center;\">La Compa\u00f1\u00eda puede (y el Usuario la autoriza) a comunicar cualquier Informaci\u00f3n Personal sobre sus Usuarios con la finalidad de dar cumplimiento a la normativa aplicable y cooperar con las autoridades competentes, en relaci\u00f3n con cualquier investigaci\u00f3n de un il\u00edcito o un fraude, infracci\u00f3n de derechos de propiedad industrial o intelectual, u otra actividad que sea ilegal o que pueda exponer a la Compa\u00f1\u00eda o a sus Usuarios a cualquier responsabilidad legal. Adem\u00e1s, la Compa\u00f1\u00eda (y Ud. la autoriza a ello) podr\u00e1 comunicar su nombre y apellidos, domicilio, ciudad, regi\u00f3n, c\u00f3digo postal, pa\u00eds, n\u00famero de tel\u00e9fono, direcci\u00f3n de correo electr\u00f3nico, etc. a los participantes en el Programa de Protecci\u00f3n de Propiedad Intelectual de la Compa\u00f1\u00eda en la forma que, a discreci\u00f3n de esta \u00faltima, entienda necesaria o adecuada en relaci\u00f3n con la investigaci\u00f3n del fraude, infracci\u00f3n de derechos de propiedad industrial o intelectual, pirater\u00eda, o cualquier otra actividad ilegal. Este derecho ser\u00e1 ejercido por la Compa\u00f1\u00eda a efectos de cooperar con el cumplimiento y ejecuci\u00f3n de la ley, independientemente que no exista una orden judicial o administrativa al efecto.<\/p>\n<p style=\"text-align: center;\">Adem\u00e1s, la Compa\u00f1\u00eda se reserva el derecho (y Ud. la autoriza expresamente a ello) de comunicar informaci\u00f3n sobre sus Usuarios a otros Usuarios, entidades o terceros cuando haya motivos suficientes para considerar que la actividad de un Usuario sea sospechosa de intentar o cometer un delito o intentar perjudicar a otras personas. Este derecho ser\u00e1 utilizado por la Compa\u00f1\u00eda a su entera discreci\u00f3n cuando lo considere apropiado o necesario para mantener la integridad y la seguridad de la Comunidad y la de sus Usuarios, para hacer cumplir los T\u00e9rminos y Condiciones Generales y dem\u00e1s Pol\u00edticas del sitio y a efectos de cooperar con la ejecuci\u00f3n y cumplimiento de la ley. Este derecho ser\u00e1 ejercido por la Compa\u00f1\u00eda independientemente que no exista una orden judicial o administrativa al efecto.<\/p>\n<p style=\"text-align: center;\">De acuerdo a sus Pol\u00edticas de Privacidad, la Compa\u00f1\u00eda toma los recaudos necesarios para evitar el env\u00edo no solicitado de e-mails. Adem\u00e1s, la Compa\u00f1\u00eda y sus Usuarios no aceptan el \u201cspamming\u201d o env\u00edo no solicitado de correos electr\u00f3nicos. Por ello se establece que est\u00e1 absolutamente prohibida la utilizaci\u00f3n del servicio \u201cRecomienda este producto a un amigo\u201d con fines de spam, o env\u00edo indiscriminado de mensajes de cualquier naturaleza por correo electr\u00f3nico, con cualquier finalidad que esto se realice. Es por ello que la Compa\u00f1\u00eda recomienda a los Usuarios que no env\u00eden este tipo de mensajes a quienes as\u00ed lo soliciten.<\/p>\n<p style=\"text-align: center;\">La Compa\u00f1\u00eda podr\u00e1 suspender o inhabilitar definitivamente a aquellos Usuarios que utilicen este servicio con los fines de promocionar sus art\u00edculos a la venta o cualquier otro fin distinto al previsto por este servicio y que sean denunciados por aquellas personas que reciben tales mensajes.<\/p>\n<p style=\"text-align: center;\">DERECHOS DE ACCESO, CANCELACI\u00d3N Y RECTIFICACI\u00d3N DE LA INFORMACI\u00d3N PERSONAL<br \/>Los Usuarios tienen reconocidos y podr\u00e1n ejercitar los derechos de acceder, cancelar y actualizar su Informaci\u00f3n Personal, as\u00ed como a oponerse al tratamiento de la misma y a ser informado de las cesiones llevadas a cabo, todo ello de conformidad a lo dispuesto en la normativa aplicable. Los Usuarios garantizan y responden, en cualquier caso, de la veracidad, exactitud, vigencia y autenticidad de los Datos Personales facilitados, y se comprometen a mantenerlos debidamente actualizados.<\/p>\n<p style=\"text-align: center;\">En determinados casos, la Compa\u00f1\u00eda mantendr\u00e1 en sus archivos Informaci\u00f3n Personal que le hayan pedido que retire, y ello con la finalidad de resolver disputas o reclamaciones, detectar problemas o incidencias y solucionarlos, y dar cumplimiento a lo dispuesto en los T\u00e9rminos y Condiciones Generales por un per\u00edodo de tiempo determinado por la ley. En cualquier caso, la Informaci\u00f3n Personal de un Usuario no ser\u00e1 inmediatamente retirada de nuestros archivos por motivos legales y t\u00e9cnicos, incluyendo sistemas de soportes de seguridad. Por tanto, no se debe esperar que toda la Informaci\u00f3n Personal sea definitivamente borrada de nuestras bases de datos.<br \/>Los Usuarios deben actualizar su Informaci\u00f3n Personal peri\u00f3dicamente conforme vaya cambiando para que puedan ser ubicados cuando realicen una operaci\u00f3n.<\/p>\n<p style=\"text-align: center;\">CAMBIOS A ESTA POL\u00cdTICA DE PRIVACIDAD.<br \/>La Compa\u00f1\u00eda se reserva el derecho de modificar esta Pol\u00edtica de Privacidad peri\u00f3dicamente. La utilizaci\u00f3n del Sitio despu\u00e9s de operado el\/los cambio\/s instrumentado\/s a esta Pol\u00edtica de Privacidad importa la aceptaci\u00f3n de dicha\/s modificaci\u00f3n\/es. Sugerimos a todos los Usuarios que revean peri\u00f3dicamente esta Pol\u00edtica de Privacidad para estar informados de la versi\u00f3n m\u00e1s actual.<\/p>\n<p style=\"text-align: center;\">\u00a0<\/p>\n<p style=\"text-align: center;\">SANCIONES. SUSPENSI\u00d3N DE OPERACIONES <br \/>Sin perjuicio de otras medidas, la Compa\u00f1\u00eda advertir\u00e1, suspender\u00e1 temporal o inhabilitar\u00e1 definitivamente la Cuenta de un Usuario e iniciar\u00e1 las acciones que estime pertinentes, y no le prestar\u00e1 sus Servicios si se quebrantara alguna ley, o cualquiera de las estipulaciones de los T\u00e9rminos y Condiciones Generales y dem\u00e1s pol\u00edticas de la Compa\u00f1\u00eda; si incumpliera sus compromisos como Usuario; si se incurriera a criterio de la Compa\u00f1\u00eda en conductas o actos dolosos o fraudulentos; no pudiera verificarse la identidad del Usuario o cualquier informaci\u00f3n proporcionada por el mismo fuere err\u00f3nea.<\/p>\n<p style=\"text-align: center;\">T\u00c9RMINOS Y CONDICIONES DEL SITIO.<br \/>El acuerdo de utilizaci\u00f3n del Sitio (al cual se puede acceder haciendo clic en \u201cT\u00e9rminos y Condiciones\u201d contiene cl\u00e1usulas importantes aplicable a cualquier disputa que pudiera surgir en relaci\u00f3n con esta Pol\u00edtica de Privacidad o con la recopilaci\u00f3n, uso, tratamiento y\/o divulgaci\u00f3n que se hiciera de su informaci\u00f3n personal.<\/p>\n<p style=\"text-align: center;\">\u00a0<\/p>\n<p style=\"text-align: center;\">\u00daltima actualizaci\u00f3n efectuada el 10-11-2023<\/p>\n\n","protected":false},"excerpt":{"rendered":"","protected":false},"author":1,"featured_media":0,"parent":0,"menu_order":0,"comment_status":"closed","ping_status":"closed","template":"","meta":{"_seopress_robots_primary_cat":"","_seopress_titles_title":"","_seopress_titles_desc":"","_seopress_robots_index":"","_joinchat":[],"footnotes":""},"class_list":["post-3","page","type-page","status-publish","hentry"],"_links":{"self":[{"href":"https:\/\/guruwines.com.ar\/index.php\/wp-json\/wp\/v2\/pages\/3","targetHints":{"allow":["GET"]}}],"collection":[{"href":"https:\/\/guruwines.com.ar\/index.php\/wp-json\/wp\/v2\/pages"}],"about":[{"href":"https:\/\/guruwines.com.ar\/index.php\/wp-json\/wp\/v2\/types\/page"}],"author":[{"embeddable":true,"href":"https:\/\/guruwines.com.ar\/index.php\/wp-json\/wp\/v2\/users\/1"}],"replies":[{"embeddable":true,"href":"https:\/\/guruwines.com.ar\/index.php\/wp-json\/wp\/v2\/comments?post=3"}],"version-history":[{"count":3,"href":"https:\/\/guruwines.com.ar\/index.php\/wp-json\/wp\/v2\/pages\/3\/revisions"}],"predecessor-version":[{"id":188,"href":"https:\/\/guruwines.com.ar\/index.php\/wp-json\/wp\/v2\/pages\/3\/revisions\/188"}],"wp:attachment":[{"href":"https:\/\/guruwines.com.ar\/index.php\/wp-json\/wp\/v2\/media?parent=3"}],"curies":[{"name":"wp","href":"https:\/\/api.w.org\/{rel}","templated":true}]}}