{"id":302,"date":"2023-11-14T01:30:42","date_gmt":"2023-11-14T01:30:42","guid":{"rendered":"https:\/\/guruwines.com.ar\/?page_id=302"},"modified":"2023-11-14T02:01:29","modified_gmt":"2023-11-14T02:01:29","slug":"catas-privadas","status":"publish","type":"page","link":"https:\/\/guruwines.com.ar\/index.php\/catas-privadas\/","title":{"rendered":"Catas privadas"},"content":{"rendered":"\n<h1 style=\"text-align: center;\"><span style=\"color: #ad6123;\">CATAS PRIVADAS<\/span><\/h1>\n<p>\u00a1Bienvenido\/a a nuestro formulario de contacto para coordinar catas privadas!<\/p>\n<p>Estamos emocionados de ofrecerte la oportunidad de disfrutar de una experiencia \u00fanica con nuestras catas privadas. Por favor, completa la siguiente informaci\u00f3n para que podamos personalizar tu experiencia vin\u00edcola.<\/p>\n<p>Nos esforzaremos al m\u00e1ximo para asegurarnos de que tu cata privada sea inolvidable. Una vez que recibamos tu solicitud, nos pondremos en contacto contigo para confirmar los detalles y coordinar los \u00faltimos preparativos.<\/p>\n<p>Gracias por elegirnos para ser parte de tus momentos especiales. \u00a1Esperamos con ansias brindar contigo y compartir la magia de nuestros exquisitos vinos en una experiencia \u00fanica de cata privada!<\/p>\n\n<div class=\"wpcf7 no-js\" id=\"wpcf7-f306-o1\" lang=\"es-AR\" dir=\"ltr\" data-wpcf7-id=\"306\">\n<div class=\"screen-reader-response\"><p role=\"status\" aria-live=\"polite\" aria-atomic=\"true\"><\/p> <ul><\/ul><\/div>\n<form action=\"\/index.php\/wp-json\/wp\/v2\/pages\/302#wpcf7-f306-o1\" method=\"post\" class=\"wpcf7-form init\" aria-label=\"Formulario de contacto\" novalidate=\"novalidate\" data-status=\"init\">\n<fieldset class=\"hidden-fields-container\"><input type=\"hidden\" name=\"_wpcf7\" value=\"306\" \/><input type=\"hidden\" name=\"_wpcf7_version\" value=\"6.1.5\" \/><input type=\"hidden\" name=\"_wpcf7_locale\" value=\"es_AR\" \/><input type=\"hidden\" name=\"_wpcf7_unit_tag\" value=\"wpcf7-f306-o1\" \/><input type=\"hidden\" name=\"_wpcf7_container_post\" value=\"0\" \/><input type=\"hidden\" name=\"_wpcf7_posted_data_hash\" value=\"\" \/>\n<\/fieldset>\n<p><label>Nombre<br \/>\n<span class=\"wpcf7-form-control-wrap\" data-name=\"your-name\"><input size=\"40\" maxlength=\"400\" class=\"wpcf7-form-control wpcf7-text wpcf7-validates-as-required\" autocomplete=\"name\" aria-required=\"true\" aria-invalid=\"false\" value=\"\" type=\"text\" name=\"your-name\" \/><\/span> <\/label>\n<\/p>\n<p><label>Correo electr\u00f3nico<br \/>\n<span class=\"wpcf7-form-control-wrap\" data-name=\"your-email\"><input size=\"40\" maxlength=\"400\" class=\"wpcf7-form-control wpcf7-email wpcf7-validates-as-required wpcf7-text wpcf7-validates-as-email\" autocomplete=\"email\" aria-required=\"true\" aria-invalid=\"false\" value=\"\" type=\"email\" name=\"your-email\" \/><\/span> <\/label>\n<\/p>\n<p><label>N\u00famero de tel\u00e9fono<br \/>\n<span class=\"wpcf7-form-control-wrap\" data-name=\"your-phone\"><input size=\"40\" maxlength=\"400\" class=\"wpcf7-form-control wpcf7-tel wpcf7-text wpcf7-validates-as-tel\" aria-invalid=\"false\" value=\"\" type=\"tel\" name=\"your-phone\" \/><\/span> <\/label>\n<\/p>\n<p><label>Fecha preferida para la cata privada<br \/>\n<span class=\"wpcf7-form-control-wrap\" data-name=\"your-preferred-date\"><input class=\"wpcf7-form-control wpcf7-date wpcf7-validates-as-date\" aria-invalid=\"false\" value=\"\" type=\"date\" name=\"your-preferred-date\" \/><\/span> <\/label>\n<\/p>\n<p><label>N\u00famero de participantes<br \/>\n<span class=\"wpcf7-form-control-wrap\" data-name=\"your-participants\"><input class=\"wpcf7-form-control wpcf7-number wpcf7-validates-as-number\" aria-invalid=\"false\" value=\"\" type=\"number\" name=\"your-participants\" \/><\/span> <\/label>\n<\/p>\n<p><label>Preferencias espec\u00edficas o solicitudes especiales<br \/>\n<span class=\"wpcf7-form-control-wrap\" data-name=\"your-preferences\"><textarea cols=\"40\" rows=\"10\" maxlength=\"2000\" class=\"wpcf7-form-control wpcf7-textarea\" aria-invalid=\"false\" name=\"your-preferences\"><\/textarea><\/span> <\/label>\n<\/p>\n<p><input class=\"wpcf7-form-control wpcf7-submit has-spinner\" type=\"submit\" value=\"Enviar\" \/>\n<\/p><div class=\"wpcf7-response-output\" aria-hidden=\"true\"><\/div>\n<\/form>\n<\/div>\n\n\n\n","protected":false},"excerpt":{"rendered":"","protected":false},"author":1,"featured_media":0,"parent":0,"menu_order":0,"comment_status":"closed","ping_status":"closed","template":"","meta":{"_seopress_robots_primary_cat":"","_seopress_titles_title":"","_seopress_titles_desc":"","_seopress_robots_index":"","_joinchat":[],"footnotes":""},"class_list":["post-302","page","type-page","status-publish","hentry"],"_links":{"self":[{"href":"https:\/\/guruwines.com.ar\/index.php\/wp-json\/wp\/v2\/pages\/302","targetHints":{"allow":["GET"]}}],"collection":[{"href":"https:\/\/guruwines.com.ar\/index.php\/wp-json\/wp\/v2\/pages"}],"about":[{"href":"https:\/\/guruwines.com.ar\/index.php\/wp-json\/wp\/v2\/types\/page"}],"author":[{"embeddable":true,"href":"https:\/\/guruwines.com.ar\/index.php\/wp-json\/wp\/v2\/users\/1"}],"replies":[{"embeddable":true,"href":"https:\/\/guruwines.com.ar\/index.php\/wp-json\/wp\/v2\/comments?post=302"}],"version-history":[{"count":3,"href":"https:\/\/guruwines.com.ar\/index.php\/wp-json\/wp\/v2\/pages\/302\/revisions"}],"predecessor-version":[{"id":307,"href":"https:\/\/guruwines.com.ar\/index.php\/wp-json\/wp\/v2\/pages\/302\/revisions\/307"}],"wp:attachment":[{"href":"https:\/\/guruwines.com.ar\/index.php\/wp-json\/wp\/v2\/media?parent=302"}],"curies":[{"name":"wp","href":"https:\/\/api.w.org\/{rel}","templated":true}]}}