{"id":236,"date":"2023-11-13T14:10:21","date_gmt":"2023-11-13T14:10:21","guid":{"rendered":"https:\/\/guruwines.com.ar\/?post_type=product&#038;p=236"},"modified":"2025-12-21T15:09:08","modified_gmt":"2025-12-21T15:09:08","slug":"guru-100-malbec-x-6-unidades-copia","status":"publish","type":"product","link":"https:\/\/guruwines.com.ar\/index.php\/product\/guru-100-malbec-x-6-unidades-copia\/","title":{"rendered":"Gur\u00fa Gran Corte x 6 unidades"},"content":{"rendered":"\n<p>Gur\u00fa Gran Corte.<\/p>\n\n\n\n<p>Un blend con car\u00e1cter y elegancia. Color profundo con impactantes reflejos viol\u00e1ceos que prometen una experiencia sensorial excepcional.<\/p>\n\n\n\n<p>Este pack de 6 botellas es perfecto para los amantes del vino que buscan calidad y sofisticaci\u00f3n. Ya sea para una cena especial, una celebraci\u00f3n o simplemente para disfrutar de momentos cotidianos, Gur\u00fa Malbec eleva cualquier ocasi\u00f3n.<\/p>\n\n\n\n<p><\/p>\n","protected":false},"excerpt":{"rendered":"<p>\u00a1Descubre la majestuosidad de nuestro Gur\u00fa Malbec con esta oferta exclusiva de 6 botellas! Sum\u00e9rgete en la elegancia de este vino excepcional que captura la esencia de los vi\u00f1edos m\u00e1s selectos.<\/p>\n","protected":false},"featured_media":360,"template":"","meta":{"_seopress_robots_primary_cat":"","_seopress_titles_title":"","_seopress_titles_desc":"","_seopress_robots_index":"","_joinchat":[]},"product_brand":[],"product_cat":[17],"product_tag":[19],"class_list":{"0":"post-236","1":"product","2":"type-product","3":"status-publish","4":"has-post-thumbnail","6":"product_cat-guru-gran-corte","7":"product_tag-vino-guru-malbec-x-6-botellas","8":"product_shipping_class-coordinar-con-vendedor","10":"first","11":"instock","12":"taxable","13":"shipping-taxable","14":"purchasable","15":"product-type-simple"},"_links":{"self":[{"href":"https:\/\/guruwines.com.ar\/index.php\/wp-json\/wp\/v2\/product\/236","targetHints":{"allow":["GET"]}}],"collection":[{"href":"https:\/\/guruwines.com.ar\/index.php\/wp-json\/wp\/v2\/product"}],"about":[{"href":"https:\/\/guruwines.com.ar\/index.php\/wp-json\/wp\/v2\/types\/product"}],"wp:featuredmedia":[{"embeddable":true,"href":"https:\/\/guruwines.com.ar\/index.php\/wp-json\/wp\/v2\/media\/360"}],"wp:attachment":[{"href":"https:\/\/guruwines.com.ar\/index.php\/wp-json\/wp\/v2\/media?parent=236"}],"wp:term":[{"taxonomy":"product_brand","embeddable":true,"href":"https:\/\/guruwines.com.ar\/index.php\/wp-json\/wp\/v2\/product_brand?post=236"},{"taxonomy":"product_cat","embeddable":true,"href":"https:\/\/guruwines.com.ar\/index.php\/wp-json\/wp\/v2\/product_cat?post=236"},{"taxonomy":"product_tag","embeddable":true,"href":"https:\/\/guruwines.com.ar\/index.php\/wp-json\/wp\/v2\/product_tag?post=236"}],"curies":[{"name":"wp","href":"https:\/\/api.w.org\/{rel}","templated":true}]}}